{"id":1066,"date":"2024-03-14T19:30:11","date_gmt":"2024-03-14T17:30:11","guid":{"rendered":"https:\/\/traystore.net\/?post_type=product&#038;p=1066"},"modified":"2025-01-01T18:11:22","modified_gmt":"2025-01-01T16:11:22","slug":"custom-text","status":"publish","type":"product","link":"https:\/\/traystore.net\/fi\/tuote\/custom-text\/","title":{"rendered":"Muokattu teksti"},"content":{"rendered":"<p>Lis\u00e4\u00e4 t\u00e4m\u00e4 tilaukseen ja j\u00e4t\u00e4 viesti kassalla korvaavasta tekstist\u00e4 joka on n\u00e4kyviss\u00e4 joissakin tuotteissa. Teksti saa olla maksimissaan 10 merkki\u00e4 pitk\u00e4. Jos ei muuta mainittu niin kaikki tekstin sis\u00e4lt\u00e4v\u00e4t tuotteet muutetaan. Muokatuilla tuotteilla ei ole palautusoikeutta.<\/p>","protected":false},"excerpt":{"rendered":"<p>Lis\u00e4\u00e4 t\u00e4m\u00e4 tilaukseen ja j\u00e4t\u00e4 viesti kassalla korvaavasta tekstist\u00e4 joka on n\u00e4kyviss\u00e4 joissakin tuotteissa. Teksti saa olla maksimissaan 10 merkki\u00e4 pitk\u00e4. Jos ei muuta mainittu niin kaikki tekstin sis\u00e4lt\u00e4v\u00e4t tuotteet muutetaan. Muokatuilla tuotteilla ei ole palautusoikeutta.<\/p>","protected":false},"featured_media":0,"template":"","meta":[],"product_brand":[],"product_cat":[39],"product_tag":[],"class_list":{"0":"post-1066","1":"product","2":"type-product","3":"status-publish","5":"product_cat-gaming-utilities","7":"first","8":"onbackorder","9":"taxable","10":"shipping-taxable","11":"purchasable","12":"product-type-simple"},"yoast_head":"<!-- This site is optimized with the Yoast SEO plugin v27.5 - https:\/\/yoast.com\/product\/yoast-seo-wordpress\/ -->\n<title>Custom Text - Traystore<\/title>\n<meta name=\"robots\" content=\"index, follow, max-snippet:-1, max-image-preview:large, max-video-preview:-1\" \/>\n<link rel=\"canonical\" href=\"https:\/\/traystore.net\/fi\/tuote\/custom-text\/\" \/>\n<meta property=\"og:locale\" content=\"fi_FI\" \/>\n<meta property=\"og:type\" content=\"article\" \/>\n<meta property=\"og:title\" content=\"Custom Text - Traystore\" \/>\n<meta property=\"og:description\" content=\"Add this to your order and leave a note in checkout for a replacement text that must be less than 10 characters in length. If no extra note, all texts in all products that have them, will be changed to the supplied one. Customized products don&#8217;t have right to return.\" \/>\n<meta property=\"og:url\" content=\"https:\/\/traystore.net\/fi\/tuote\/custom-text\/\" \/>\n<meta property=\"og:site_name\" content=\"Traystore\" \/>\n<meta property=\"article:publisher\" content=\"https:\/\/www.facebook.com\/profile.php?id=61558460099734\" \/>\n<meta property=\"article:modified_time\" content=\"2025-01-01T16:11:22+00:00\" \/>\n<meta property=\"og:image\" content=\"https:\/\/traystore.net\/wp-content\/uploads\/2024\/04\/Projekti-Logon-luonti.png\" \/>\n\t<meta property=\"og:image:width\" content=\"1200\" \/>\n\t<meta property=\"og:image:height\" content=\"1200\" \/>\n\t<meta property=\"og:image:type\" content=\"image\/png\" \/>\n<meta name=\"twitter:card\" content=\"summary_large_image\" \/>\n<script type=\"application\/ld+json\" class=\"yoast-schema-graph\">{\"@context\":\"https:\\\/\\\/schema.org\",\"@graph\":[{\"@type\":\"WebPage\",\"@id\":\"https:\\\/\\\/traystore.net\\\/product\\\/custom-text\\\/\",\"url\":\"https:\\\/\\\/traystore.net\\\/product\\\/custom-text\\\/\",\"name\":\"Custom Text - Traystore\",\"isPartOf\":{\"@id\":\"https:\\\/\\\/traystore.net\\\/fi\\\/#website\"},\"datePublished\":\"2024-03-14T17:30:11+00:00\",\"dateModified\":\"2025-01-01T16:11:22+00:00\",\"breadcrumb\":{\"@id\":\"https:\\\/\\\/traystore.net\\\/product\\\/custom-text\\\/#breadcrumb\"},\"inLanguage\":\"fi\",\"potentialAction\":[{\"@type\":\"ReadAction\",\"target\":[\"https:\\\/\\\/traystore.net\\\/product\\\/custom-text\\\/\"]}]},{\"@type\":\"BreadcrumbList\",\"@id\":\"https:\\\/\\\/traystore.net\\\/product\\\/custom-text\\\/#breadcrumb\",\"itemListElement\":[{\"@type\":\"ListItem\",\"position\":1,\"name\":\"Home\",\"item\":\"https:\\\/\\\/traystore.net\\\/fi\\\/\"},{\"@type\":\"ListItem\",\"position\":2,\"name\":\"Shop\",\"item\":\"https:\\\/\\\/traystore.net\\\/fi\\\/\"},{\"@type\":\"ListItem\",\"position\":3,\"name\":\"Custom Text\"}]},{\"@type\":\"WebSite\",\"@id\":\"https:\\\/\\\/traystore.net\\\/fi\\\/#website\",\"url\":\"https:\\\/\\\/traystore.net\\\/fi\\\/\",\"name\":\"Traystore\",\"description\":\"movement trays and accessories for wargames\",\"publisher\":{\"@id\":\"https:\\\/\\\/traystore.net\\\/fi\\\/#organization\"},\"potentialAction\":[{\"@type\":\"SearchAction\",\"target\":{\"@type\":\"EntryPoint\",\"urlTemplate\":\"https:\\\/\\\/traystore.net\\\/fi\\\/?s={search_term_string}\"},\"query-input\":{\"@type\":\"PropertyValueSpecification\",\"valueRequired\":true,\"valueName\":\"search_term_string\"}}],\"inLanguage\":\"fi\"},{\"@type\":\"Organization\",\"@id\":\"https:\\\/\\\/traystore.net\\\/fi\\\/#organization\",\"name\":\"Traystore\",\"url\":\"https:\\\/\\\/traystore.net\\\/fi\\\/\",\"logo\":{\"@type\":\"ImageObject\",\"inLanguage\":\"fi\",\"@id\":\"https:\\\/\\\/traystore.net\\\/fi\\\/#\\\/schema\\\/logo\\\/image\\\/\",\"url\":\"https:\\\/\\\/traystore.net\\\/wp-content\\\/uploads\\\/2024\\\/03\\\/cropped-Traystore_transparent_part.png\",\"contentUrl\":\"https:\\\/\\\/traystore.net\\\/wp-content\\\/uploads\\\/2024\\\/03\\\/cropped-Traystore_transparent_part.png\",\"width\":1200,\"height\":564,\"caption\":\"Traystore\"},\"image\":{\"@id\":\"https:\\\/\\\/traystore.net\\\/fi\\\/#\\\/schema\\\/logo\\\/image\\\/\"},\"sameAs\":[\"https:\\\/\\\/www.facebook.com\\\/profile.php?id=61558460099734\",\"https:\\\/\\\/www.instagram.com\\\/traystorenet\\\/\"]}]}<\/script>\n<!-- \/ Yoast SEO plugin. -->","yoast_head_json":{"title":"Custom Text - Traystore","robots":{"index":"index","follow":"follow","max-snippet":"max-snippet:-1","max-image-preview":"max-image-preview:large","max-video-preview":"max-video-preview:-1"},"canonical":"https:\/\/traystore.net\/fi\/tuote\/custom-text\/","og_locale":"fi_FI","og_type":"article","og_title":"Custom Text - Traystore","og_description":"Add this to your order and leave a note in checkout for a replacement text that must be less than 10 characters in length. If no extra note, all texts in all products that have them, will be changed to the supplied one. Customized products don&#8217;t have right to return.","og_url":"https:\/\/traystore.net\/fi\/tuote\/custom-text\/","og_site_name":"Traystore","article_publisher":"https:\/\/www.facebook.com\/profile.php?id=61558460099734","article_modified_time":"2025-01-01T16:11:22+00:00","og_image":[{"width":1200,"height":1200,"url":"https:\/\/traystore.net\/wp-content\/uploads\/2024\/04\/Projekti-Logon-luonti.png","type":"image\/png"}],"twitter_card":"summary_large_image","schema":{"@context":"https:\/\/schema.org","@graph":[{"@type":"WebPage","@id":"https:\/\/traystore.net\/product\/custom-text\/","url":"https:\/\/traystore.net\/product\/custom-text\/","name":"Custom Text - Traystore","isPartOf":{"@id":"https:\/\/traystore.net\/fi\/#website"},"datePublished":"2024-03-14T17:30:11+00:00","dateModified":"2025-01-01T16:11:22+00:00","breadcrumb":{"@id":"https:\/\/traystore.net\/product\/custom-text\/#breadcrumb"},"inLanguage":"fi","potentialAction":[{"@type":"ReadAction","target":["https:\/\/traystore.net\/product\/custom-text\/"]}]},{"@type":"BreadcrumbList","@id":"https:\/\/traystore.net\/product\/custom-text\/#breadcrumb","itemListElement":[{"@type":"ListItem","position":1,"name":"Home","item":"https:\/\/traystore.net\/fi\/"},{"@type":"ListItem","position":2,"name":"Shop","item":"https:\/\/traystore.net\/fi\/"},{"@type":"ListItem","position":3,"name":"Custom Text"}]},{"@type":"WebSite","@id":"https:\/\/traystore.net\/fi\/#website","url":"https:\/\/traystore.net\/fi\/","name":"Traystore","description":"movement trays and accessories for wargames","publisher":{"@id":"https:\/\/traystore.net\/fi\/#organization"},"potentialAction":[{"@type":"SearchAction","target":{"@type":"EntryPoint","urlTemplate":"https:\/\/traystore.net\/fi\/?s={search_term_string}"},"query-input":{"@type":"PropertyValueSpecification","valueRequired":true,"valueName":"search_term_string"}}],"inLanguage":"fi"},{"@type":"Organization","@id":"https:\/\/traystore.net\/fi\/#organization","name":"Traystore","url":"https:\/\/traystore.net\/fi\/","logo":{"@type":"ImageObject","inLanguage":"fi","@id":"https:\/\/traystore.net\/fi\/#\/schema\/logo\/image\/","url":"https:\/\/traystore.net\/wp-content\/uploads\/2024\/03\/cropped-Traystore_transparent_part.png","contentUrl":"https:\/\/traystore.net\/wp-content\/uploads\/2024\/03\/cropped-Traystore_transparent_part.png","width":1200,"height":564,"caption":"Traystore"},"image":{"@id":"https:\/\/traystore.net\/fi\/#\/schema\/logo\/image\/"},"sameAs":["https:\/\/www.facebook.com\/profile.php?id=61558460099734","https:\/\/www.instagram.com\/traystorenet\/"]}]}},"_links":{"self":[{"href":"https:\/\/traystore.net\/fi\/wp-json\/wp\/v2\/product\/1066","targetHints":{"allow":["GET"]}}],"collection":[{"href":"https:\/\/traystore.net\/fi\/wp-json\/wp\/v2\/product"}],"about":[{"href":"https:\/\/traystore.net\/fi\/wp-json\/wp\/v2\/types\/product"}],"wp:attachment":[{"href":"https:\/\/traystore.net\/fi\/wp-json\/wp\/v2\/media?parent=1066"}],"wp:term":[{"taxonomy":"product_brand","embeddable":true,"href":"https:\/\/traystore.net\/fi\/wp-json\/wp\/v2\/product_brand?post=1066"},{"taxonomy":"product_cat","embeddable":true,"href":"https:\/\/traystore.net\/fi\/wp-json\/wp\/v2\/product_cat?post=1066"},{"taxonomy":"product_tag","embeddable":true,"href":"https:\/\/traystore.net\/fi\/wp-json\/wp\/v2\/product_tag?post=1066"}],"curies":[{"name":"wp","href":"https:\/\/api.w.org\/{rel}","templated":true}]}}