{"id":6614,"date":"2024-04-13T17:53:41","date_gmt":"2024-04-13T14:53:41","guid":{"rendered":"https:\/\/traystore.net\/?page_id=6614"},"modified":"2024-04-14T16:21:26","modified_gmt":"2024-04-14T13:21:26","slug":"ordering","status":"publish","type":"page","link":"https:\/\/traystore.net\/fi\/ordering\/","title":{"rendered":"Tilaaminen"},"content":{"rendered":"<h2 class=\"wp-block-heading\">Tulostusmateriaalit ja -v\u00e4rit<\/h2>\n\n\n\n<p>T\u00e4ll\u00e4 hetkell\u00e4 meill\u00e4 on valikoimassa vain musta PLA. Jos olet kiinnostunut muista v\u00e4reist\u00e4 tai mahdollisesti materiaaleista, ole yhteydess\u00e4 meihin info@traystore.net<\/p>\n\n\n\n<h2 class=\"wp-block-heading\">Ulkomailta<\/h2>\n\n\n\n<p>Jos olet tilaamassa ulkomaille, eik\u00e4 kauppa tarjoa UPS:in toimitusta, olethan yhteydess\u00e4 info@traystore.net vaihtoehtoisten toimitustapojen selvitt\u00e4mist\u00e4 varten. <\/p>\n\n\n\n<h2 class=\"wp-block-heading\">P\u00e4\u00e4kaupunkiseudulta<\/h2>\n\n\n\n<p>Nouto tai muu j\u00e4rjestely on mahdollista jos siit\u00e4 on erikseen sovittu. Ole yhteydess\u00e4 info@traystore.net yksityiskohtien sopimiseksi.<\/p>\n\n\n\n<p><\/p>","protected":false},"excerpt":{"rendered":"<p>Printing materials and colors Currently we stock only PLA in black. If you are interested in other colors or possibly other materials, please reach out to us at info@traystore.net From abroad If you are ordering from abroad and do not get prompted for UPS delivery, please reach out to us at info@traystore.net for alternative shipping [&hellip;]<\/p>\n","protected":false},"author":1,"featured_media":0,"parent":0,"menu_order":0,"comment_status":"closed","ping_status":"closed","template":"","meta":{"footnotes":""},"class_list":["post-6614","page","type-page","status-publish","hentry"],"yoast_head":"<!-- This site is optimized with the Yoast SEO plugin v27.5 - https:\/\/yoast.com\/product\/yoast-seo-wordpress\/ -->\n<title>Ordering - Traystore<\/title>\n<meta name=\"robots\" content=\"index, follow, max-snippet:-1, max-image-preview:large, max-video-preview:-1\" \/>\n<link rel=\"canonical\" href=\"https:\/\/traystore.net\/fi\/ordering\/\" \/>\n<meta property=\"og:locale\" content=\"fi_FI\" \/>\n<meta property=\"og:type\" content=\"article\" \/>\n<meta property=\"og:title\" content=\"Ordering - Traystore\" \/>\n<meta property=\"og:description\" content=\"Printing materials and colors Currently we stock only PLA in black. If you are interested in other colors or possibly other materials, please reach out to us at info@traystore.net From abroad If you are ordering from abroad and do not get prompted for UPS delivery, please reach out to us at info@traystore.net for alternative shipping [&hellip;]\" \/>\n<meta property=\"og:url\" content=\"https:\/\/traystore.net\/fi\/ordering\/\" \/>\n<meta property=\"og:site_name\" content=\"Traystore\" \/>\n<meta property=\"article:publisher\" content=\"https:\/\/www.facebook.com\/profile.php?id=61558460099734\" \/>\n<meta property=\"article:modified_time\" content=\"2024-04-14T13:21:26+00:00\" \/>\n<meta property=\"og:image\" content=\"https:\/\/traystore.net\/wp-content\/uploads\/2024\/04\/Projekti-Logon-luonti.png\" \/>\n\t<meta property=\"og:image:width\" content=\"1200\" \/>\n\t<meta property=\"og:image:height\" content=\"1200\" \/>\n\t<meta property=\"og:image:type\" content=\"image\/png\" \/>\n<meta name=\"twitter:card\" content=\"summary_large_image\" \/>\n<meta name=\"twitter:label1\" content=\"Arvioitu lukuaika\" \/>\n\t<meta name=\"twitter:data1\" content=\"1 minuutti\" \/>\n<script type=\"application\/ld+json\" class=\"yoast-schema-graph\">{\"@context\":\"https:\\\/\\\/schema.org\",\"@graph\":[{\"@type\":\"WebPage\",\"@id\":\"https:\\\/\\\/traystore.net\\\/fi\\\/ordering\\\/\",\"url\":\"https:\\\/\\\/traystore.net\\\/fi\\\/ordering\\\/\",\"name\":\"Ordering - Traystore\",\"isPartOf\":{\"@id\":\"https:\\\/\\\/traystore.net\\\/fi\\\/#website\"},\"datePublished\":\"2024-04-13T14:53:41+00:00\",\"dateModified\":\"2024-04-14T13:21:26+00:00\",\"breadcrumb\":{\"@id\":\"https:\\\/\\\/traystore.net\\\/fi\\\/ordering\\\/#breadcrumb\"},\"inLanguage\":\"fi\",\"potentialAction\":[{\"@type\":\"ReadAction\",\"target\":[\"https:\\\/\\\/traystore.net\\\/fi\\\/ordering\\\/\"]}]},{\"@type\":\"BreadcrumbList\",\"@id\":\"https:\\\/\\\/traystore.net\\\/fi\\\/ordering\\\/#breadcrumb\",\"itemListElement\":[{\"@type\":\"ListItem\",\"position\":1,\"name\":\"Home\",\"item\":\"https:\\\/\\\/traystore.net\\\/fi\\\/\"},{\"@type\":\"ListItem\",\"position\":2,\"name\":\"Ordering\"}]},{\"@type\":\"WebSite\",\"@id\":\"https:\\\/\\\/traystore.net\\\/fi\\\/#website\",\"url\":\"https:\\\/\\\/traystore.net\\\/fi\\\/\",\"name\":\"Traystore\",\"description\":\"movement trays and accessories for wargames\",\"publisher\":{\"@id\":\"https:\\\/\\\/traystore.net\\\/fi\\\/#organization\"},\"potentialAction\":[{\"@type\":\"SearchAction\",\"target\":{\"@type\":\"EntryPoint\",\"urlTemplate\":\"https:\\\/\\\/traystore.net\\\/fi\\\/?s={search_term_string}\"},\"query-input\":{\"@type\":\"PropertyValueSpecification\",\"valueRequired\":true,\"valueName\":\"search_term_string\"}}],\"inLanguage\":\"fi\"},{\"@type\":\"Organization\",\"@id\":\"https:\\\/\\\/traystore.net\\\/fi\\\/#organization\",\"name\":\"Traystore\",\"url\":\"https:\\\/\\\/traystore.net\\\/fi\\\/\",\"logo\":{\"@type\":\"ImageObject\",\"inLanguage\":\"fi\",\"@id\":\"https:\\\/\\\/traystore.net\\\/fi\\\/#\\\/schema\\\/logo\\\/image\\\/\",\"url\":\"https:\\\/\\\/traystore.net\\\/wp-content\\\/uploads\\\/2024\\\/03\\\/cropped-Traystore_transparent_part.png\",\"contentUrl\":\"https:\\\/\\\/traystore.net\\\/wp-content\\\/uploads\\\/2024\\\/03\\\/cropped-Traystore_transparent_part.png\",\"width\":1200,\"height\":564,\"caption\":\"Traystore\"},\"image\":{\"@id\":\"https:\\\/\\\/traystore.net\\\/fi\\\/#\\\/schema\\\/logo\\\/image\\\/\"},\"sameAs\":[\"https:\\\/\\\/www.facebook.com\\\/profile.php?id=61558460099734\",\"https:\\\/\\\/www.instagram.com\\\/traystorenet\\\/\"]}]}<\/script>\n<!-- \/ Yoast SEO plugin. -->","yoast_head_json":{"title":"Ordering - Traystore","robots":{"index":"index","follow":"follow","max-snippet":"max-snippet:-1","max-image-preview":"max-image-preview:large","max-video-preview":"max-video-preview:-1"},"canonical":"https:\/\/traystore.net\/fi\/ordering\/","og_locale":"fi_FI","og_type":"article","og_title":"Ordering - Traystore","og_description":"Printing materials and colors Currently we stock only PLA in black. If you are interested in other colors or possibly other materials, please reach out to us at info@traystore.net From abroad If you are ordering from abroad and do not get prompted for UPS delivery, please reach out to us at info@traystore.net for alternative shipping [&hellip;]","og_url":"https:\/\/traystore.net\/fi\/ordering\/","og_site_name":"Traystore","article_publisher":"https:\/\/www.facebook.com\/profile.php?id=61558460099734","article_modified_time":"2024-04-14T13:21:26+00:00","og_image":[{"width":1200,"height":1200,"url":"https:\/\/traystore.net\/wp-content\/uploads\/2024\/04\/Projekti-Logon-luonti.png","type":"image\/png"}],"twitter_card":"summary_large_image","twitter_misc":{"Arvioitu lukuaika":"1 minuutti"},"schema":{"@context":"https:\/\/schema.org","@graph":[{"@type":"WebPage","@id":"https:\/\/traystore.net\/fi\/ordering\/","url":"https:\/\/traystore.net\/fi\/ordering\/","name":"Ordering - Traystore","isPartOf":{"@id":"https:\/\/traystore.net\/fi\/#website"},"datePublished":"2024-04-13T14:53:41+00:00","dateModified":"2024-04-14T13:21:26+00:00","breadcrumb":{"@id":"https:\/\/traystore.net\/fi\/ordering\/#breadcrumb"},"inLanguage":"fi","potentialAction":[{"@type":"ReadAction","target":["https:\/\/traystore.net\/fi\/ordering\/"]}]},{"@type":"BreadcrumbList","@id":"https:\/\/traystore.net\/fi\/ordering\/#breadcrumb","itemListElement":[{"@type":"ListItem","position":1,"name":"Home","item":"https:\/\/traystore.net\/fi\/"},{"@type":"ListItem","position":2,"name":"Ordering"}]},{"@type":"WebSite","@id":"https:\/\/traystore.net\/fi\/#website","url":"https:\/\/traystore.net\/fi\/","name":"Traystore","description":"movement trays and accessories for wargames","publisher":{"@id":"https:\/\/traystore.net\/fi\/#organization"},"potentialAction":[{"@type":"SearchAction","target":{"@type":"EntryPoint","urlTemplate":"https:\/\/traystore.net\/fi\/?s={search_term_string}"},"query-input":{"@type":"PropertyValueSpecification","valueRequired":true,"valueName":"search_term_string"}}],"inLanguage":"fi"},{"@type":"Organization","@id":"https:\/\/traystore.net\/fi\/#organization","name":"Traystore","url":"https:\/\/traystore.net\/fi\/","logo":{"@type":"ImageObject","inLanguage":"fi","@id":"https:\/\/traystore.net\/fi\/#\/schema\/logo\/image\/","url":"https:\/\/traystore.net\/wp-content\/uploads\/2024\/03\/cropped-Traystore_transparent_part.png","contentUrl":"https:\/\/traystore.net\/wp-content\/uploads\/2024\/03\/cropped-Traystore_transparent_part.png","width":1200,"height":564,"caption":"Traystore"},"image":{"@id":"https:\/\/traystore.net\/fi\/#\/schema\/logo\/image\/"},"sameAs":["https:\/\/www.facebook.com\/profile.php?id=61558460099734","https:\/\/www.instagram.com\/traystorenet\/"]}]}},"_links":{"self":[{"href":"https:\/\/traystore.net\/fi\/wp-json\/wp\/v2\/pages\/6614","targetHints":{"allow":["GET"]}}],"collection":[{"href":"https:\/\/traystore.net\/fi\/wp-json\/wp\/v2\/pages"}],"about":[{"href":"https:\/\/traystore.net\/fi\/wp-json\/wp\/v2\/types\/page"}],"author":[{"embeddable":true,"href":"https:\/\/traystore.net\/fi\/wp-json\/wp\/v2\/users\/1"}],"replies":[{"embeddable":true,"href":"https:\/\/traystore.net\/fi\/wp-json\/wp\/v2\/comments?post=6614"}],"version-history":[{"count":3,"href":"https:\/\/traystore.net\/fi\/wp-json\/wp\/v2\/pages\/6614\/revisions"}],"predecessor-version":[{"id":6645,"href":"https:\/\/traystore.net\/fi\/wp-json\/wp\/v2\/pages\/6614\/revisions\/6645"}],"wp:attachment":[{"href":"https:\/\/traystore.net\/fi\/wp-json\/wp\/v2\/media?parent=6614"}],"curies":[{"name":"wp","href":"https:\/\/api.w.org\/{rel}","templated":true}]}}