{"id":6504,"date":"2024-04-11T19:09:59","date_gmt":"2024-04-11T17:09:59","guid":{"rendered":"https:\/\/traystore.net\/privacy-statement-eu\/"},"modified":"2024-04-13T20:04:54","modified_gmt":"2024-04-13T17:04:54","slug":"privacy-statement-eu","status":"publish","type":"page","link":"https:\/\/traystore.net\/fi\/privacy-statement-eu\/","title":{"rendered":"Tietosuojaseloste"},"content":{"rendered":"<!-- Legal document generated by Complianz | GDPR\/CCPA Cookie Consent https:\/\/wordpress.org\/plugins\/complianz-gdpr -->\n<div id=\"cmplz-document\" class=\"cmplz-document privacy-statement cmplz-document-eu\"><p><i>This privacy statement was last updated on toukokuu 14, 2025 and applies to citizens and legal permanent residents of the European Economic Area and Switzerland.<\/i><br \/><br \/><\/p><p><p>T\u00e4ss\u00e4 tietosuojalausekkeessa kerromme, mit\u00e4 teemme tiedoilla, jotka saamme sinusta vieraillessasi <a href=\"https:\/\/traystore.net\/fi\">https:\/\/traystore.net\/fi<\/a>. Suosittelemme, ett\u00e4 luet t\u00e4m\u00e4n lausunnon huolellisesti. Noudatamme k\u00e4sittelyss\u00e4 yksityisyydensuojalains\u00e4\u00e4d\u00e4nn\u00f6n vaatimuksia. T\u00e4m\u00e4 tarkoittaa muun muassa sit\u00e4, ett\u00e4<\/p><ul>\n                <li>ilmoitamme selke\u00e4sti tarkoitukset, joita varten k\u00e4sittelemme henkil\u00f6tietoja. Teemme t\u00e4m\u00e4n t\u00e4m\u00e4n tietosuojaselosteen avulla;<\/li>\n                <li>pyrimme rajoittamaan henkil\u00f6tietojen ker\u00e4\u00e4misen vain laillisiin tarkoituksiin tarvittaviin henkil\u00f6tietoihin;<\/li>\n                <li>pyyd\u00e4mme ensin nimenomaista suostumustasi henkil\u00f6tietojesi k\u00e4sittelyyn tapauksissa, jotka edellytt\u00e4v\u00e4t suostumustasi;<\/li>\n                <li>ryhdymme asianmukaisiin turvatoimiin henkil\u00f6tietojesi suojaamiseksi ja vaadimme t\u00e4t\u00e4 my\u00f6s osapuolilta, jotka k\u00e4sittelev\u00e4t henkil\u00f6tietoja puolestamme;<\/li>\n                <li>kunnioitamme oikeuttasi p\u00e4\u00e4st\u00e4 k\u00e4siksi henkil\u00f6tietoihisi tai saada ne pyynn\u00f6st\u00e4si oikaistua tai poistettua.<\/li>\n            <\/ul><p>Jos sinulla on kysytt\u00e4v\u00e4\u00e4 tai haluat tiet\u00e4\u00e4 tarkalleen, mit\u00e4 tietoja s\u00e4ilyt\u00e4mme sinusta, ota meihin yhteytt\u00e4.<\/p><\/p><h2>1. Tarkoitus, tiedot ja s\u00e4ilytysaika<\/h2>Voimme ker\u00e4t\u00e4 tai vastaanottaa henkil\u00f6tietoja useisiin liiketoimintaamme liittyviin tarkoituksiin, joita voivat olla esimerkiksi seuraavat: (klikkaa laajentaaksesi)<details class=\"cmplz-dropdown dropdown-privacy-statement\"><summary><div><h3>1.1 Yhteydenotto &#8211; Puhelimen, postin, s\u00e4hk\u00f6postin ja\/tai verkkolomakkeiden kautta<\/h3><\/div><\/summary><p class=\"cmplz-subtitle\">T\u00e4t\u00e4 varten k\u00e4yt\u00e4mme seuraavia tietoja:<\/p><p><ul><li>S\u00e4hk\u00f6postiosoite<\/li><li>Etu- ja sukunimi<\/li><\/ul><\/p><p class=\"cmplz-subtitle\">Voimme k\u00e4sitell\u00e4 n\u00e4it\u00e4 tietoja seuraavin perustein:<\/p><p><a target=\"_blank\" rel=\"noopener noreferrer nofollow\" href=\"https:\/\/cookiedatabase.org\/legal-bases\/#consent\">Kun suostumus on annettu.<\/a><\/p><p class=\"cmplz-subtitle\">S\u00e4ilytysaika<\/p><p>S\u00e4ilyt\u00e4mme n\u00e4m\u00e4 tiedot, kunnes palvelu lopetetaan.<\/p><\/details><details class=\"cmplz-dropdown dropdown-privacy-statement\"><summary><div><h3>1.2 Maksut<\/h3><\/div><\/summary><p class=\"cmplz-subtitle\">T\u00e4t\u00e4 varten k\u00e4yt\u00e4mme seuraavia tietoja:<\/p><p><ul><li>Etu- ja sukunimi<\/li><li>Koti- tai muu fyysinen osoite, mukaan lukien kadun nimi ja kaupungin nimi<\/li><li>S\u00e4hk\u00f6postiosoite<\/li><li>Puhelinnumero<\/li><li>IP Address<\/li><\/ul><\/p><p class=\"cmplz-subtitle\">Voimme k\u00e4sitell\u00e4 n\u00e4it\u00e4 tietoja seuraavin perustein:<\/p><p><a target=\"_blank\" rel=\"noopener noreferrer nofollow\" href=\"https:\/\/cookiedatabase.org\/legal-bases\/#agreement\">Se on tarpeen sellaisen sopimuksen toteuttamiseksi tai sellaiseen sopimukseen liittyvien alustavien menettelyjen toteuttamiseksi, jossa rekister\u00f6ity on osapuolena. <\/a><\/p><p class=\"cmplz-subtitle\">S\u00e4ilytysaika<\/p><p>S\u00e4ilyt\u00e4mme n\u00e4m\u00e4 tiedot, kunnes palvelu lopetetaan.<\/p><\/details><details class=\"cmplz-dropdown dropdown-privacy-statement\"><summary><div><h3>1.3 Toimitukset<\/h3><\/div><\/summary><p class=\"cmplz-subtitle\">T\u00e4t\u00e4 varten k\u00e4yt\u00e4mme seuraavia tietoja:<\/p><p><ul><li>Etu- ja sukunimi<\/li><li>Tilin nimi tai alias<\/li><li>Koti- tai muu fyysinen osoite, mukaan lukien kadun nimi ja kaupungin nimi<\/li><li>S\u00e4hk\u00f6postiosoite<\/li><li>Puhelinnumero<\/li><\/ul><\/p><p class=\"cmplz-subtitle\">Voimme k\u00e4sitell\u00e4 n\u00e4it\u00e4 tietoja seuraavin perustein:<\/p><p><a target=\"_blank\" rel=\"noopener noreferrer nofollow\" href=\"https:\/\/cookiedatabase.org\/legal-bases\/#agreement\">Se on tarpeen sellaisen sopimuksen toteuttamiseksi tai sellaiseen sopimukseen liittyvien alustavien menettelyjen toteuttamiseksi, jossa rekister\u00f6ity on osapuolena. <\/a><\/p><p class=\"cmplz-subtitle\">S\u00e4ilytysaika<\/p><p>S\u00e4ilyt\u00e4mme n\u00e4m\u00e4 tiedot, kunnes palvelu lopetetaan.<\/p><\/details><details class=\"cmplz-dropdown dropdown-privacy-statement\"><summary><div><h3>1.4 Tilin rekister\u00f6inti<\/h3><\/div><\/summary><p class=\"cmplz-subtitle\">T\u00e4t\u00e4 varten k\u00e4yt\u00e4mme seuraavia tietoja:<\/p><p><ul><li>Etu- ja sukunimi<\/li><li>Tilin nimi tai alias<\/li><li>Koti- tai muu fyysinen osoite, mukaan lukien kadun nimi ja kaupungin nimi<\/li><li>S\u00e4hk\u00f6postiosoite<\/li><li>Puhelinnumero<\/li><\/ul><\/p><p class=\"cmplz-subtitle\">Voimme k\u00e4sitell\u00e4 n\u00e4it\u00e4 tietoja seuraavin perustein:<\/p><p><a target=\"_blank\" rel=\"noopener noreferrer nofollow\" href=\"https:\/\/cookiedatabase.org\/legal-bases\/#agreement\">Se on tarpeen sellaisen sopimuksen toteuttamiseksi tai sellaiseen sopimukseen liittyvien alustavien menettelyjen toteuttamiseksi, jossa rekister\u00f6ity on osapuolena. <\/a><\/p><p class=\"cmplz-subtitle\">S\u00e4ilytysaika<\/p><p>Upon termination of the service we retain this data for the following period: 6.<\/p><\/details><details class=\"cmplz-dropdown dropdown-privacy-statement\"><summary><div><h3>1.5 Tukea palveluita tai tuotteita, joita asiakas haluaa ostaa tai on ostanut<\/h3><\/div><\/summary><p class=\"cmplz-subtitle\">T\u00e4t\u00e4 varten k\u00e4yt\u00e4mme seuraavia tietoja:<\/p><p><ul><li>Etu- ja sukunimi<\/li><li>S\u00e4hk\u00f6postiosoite<\/li><\/ul><\/p><p class=\"cmplz-subtitle\">Voimme k\u00e4sitell\u00e4 n\u00e4it\u00e4 tietoja seuraavin perustein:<\/p><p><a target=\"_blank\" rel=\"noopener noreferrer nofollow\" href=\"https:\/\/cookiedatabase.org\/legal-bases\/#agreement\">Se on tarpeen sellaisen sopimuksen toteuttamiseksi tai sellaiseen sopimukseen liittyvien alustavien menettelyjen toteuttamiseksi, jossa rekister\u00f6ity on osapuolena. <\/a><\/p><p class=\"cmplz-subtitle\">S\u00e4ilytysaika<\/p><p>S\u00e4ilyt\u00e4mme n\u00e4m\u00e4 tiedot, kunnes palvelu lopetetaan.<\/p><\/details><details class=\"cmplz-dropdown dropdown-privacy-statement\"><summary><div><h3>1.6 Uutiskirjeet<\/h3><\/div><\/summary><p class=\"cmplz-subtitle\">T\u00e4t\u00e4 varten k\u00e4yt\u00e4mme seuraavia tietoja:<\/p><p><ul><li>Etu- ja sukunimi<\/li><li>S\u00e4hk\u00f6postiosoite<\/li><\/ul><\/p><p class=\"cmplz-subtitle\">Voimme k\u00e4sitell\u00e4 n\u00e4it\u00e4 tietoja seuraavin perustein:<\/p><p><a target=\"_blank\" rel=\"noopener noreferrer nofollow\" href=\"https:\/\/cookiedatabase.org\/legal-bases\/#consent\">Kun suostumus on annettu.<\/a><\/p><p class=\"cmplz-subtitle\">S\u00e4ilytysaika<\/p><p>S\u00e4ilyt\u00e4mme n\u00e4m\u00e4 tiedot, kunnes palvelu lopetetaan.<\/p><\/details><h2>2. Jakaminen muiden osapuolten kanssa<\/h2><p>Jaamme tai luovutamme n\u00e4it\u00e4 tietoja henkil\u00f6tietojen k\u00e4sittelij\u00f6ille vain seuraaviin tarkoituksiin:<\/p><p class=\"cmplz-subtitle\">K\u00e4sittelij\u00e4t<\/p><p><b>Nimi<\/b>&nbsp;Hostingpalvelu.fi<br \/>\n            <b>Maa<\/b>&nbsp;Suomi<br \/>\n            <b>Tarkoitus<\/b>&nbsp;Sivuston yll\u00e4pito<br \/>\n            <b>Nimi<\/b>&nbsp;Shipit<br \/>\n            <b>Maa<\/b>&nbsp;Suomi<br \/>\n            <b>Tarkoitus<\/b>&nbsp;Tilausten toimitus<br \/>\n            <\/p><h2>3. Ev\u00e4steet<\/h2><p>Sivustomme k\u00e4ytt\u00e4\u00e4 ev\u00e4steit\u00e4. Lis\u00e4tietoja ev\u00e4steist\u00e4 linkist\u00e4 <a href=\"https:\/\/traystore.net\/fi\/cookie-policy-eu\/\">Ev\u00e4steet<\/a>.&nbsp;<\/p><h2>4. Tietojen jakaminen<\/h2><p><p>Luovutamme henkil\u00f6tietoja, jos meit\u00e4 vaaditaan lain tai tuomioistuimen m\u00e4\u00e4r\u00e4yksen nojalla, lainvalvontaviranomaisen vastauksena, muiden lain s\u00e4\u00e4nn\u00f6sten sallimissa rajoissa, tietojen antamiseksi tai yleiseen turvallisuuteen liittyv\u00e4n asian tutkimiseksi.<\/p><p>Jos verkkosivustomme tai organisaatiomme otetaan haltuun, myyd\u00e4\u00e4n tai osallistuu fuusioon tai yrityskauppaan, tietojasi voidaan luovuttaa neuvonantajillemme ja mahdollisille ostajille, ja ne luovutetaan uusille omistajille.<\/p><\/p><p>Olemme tehneet tietojenk\u00e4sittelysopimuksen Googlen kanssa.<\/p><p>Google ei saa k\u00e4ytt\u00e4\u00e4 tietoja muihin Googlen palveluihin.<\/p><p>Est\u00e4mme t\u00e4ydellisten IP-osoitteiden sis\u00e4llytt\u00e4misen.<\/p><h2>5. Tietoturva<\/h2><p>Olemme sitoutuneet henkil\u00f6tietojen turvallisuuteen. Toteutamme asianmukaisia turvatoimia rajoittaaksemme henkil\u00f6tietojen v\u00e4\u00e4rink\u00e4ytt\u00f6\u00e4 ja luvatonta k\u00e4ytt\u00f6\u00e4. N\u00e4in varmistetaan, ett\u00e4 vain tarvittavilla henkil\u00f6ill\u00e4 on p\u00e4\u00e4sy tietoihin, ett\u00e4 p\u00e4\u00e4sy tietoihin on suojattu ja ett\u00e4 turvatoimenpiteemme tarkistetaan s\u00e4\u00e4nn\u00f6llisesti.<\/p><h2>6. Kolmansien osapuolten sivustot<\/h2><p>T\u00e4m\u00e4 tietosuojaseloste ei koske kolmansien osapuolten verkkosivustoja, jotka on yhdistetty verkkosivustomme linkkien kautta. Emme voi taata, ett\u00e4 n\u00e4m\u00e4 kolmannet osapuolet k\u00e4sittelev\u00e4t henkil\u00f6tietojasi luotettavasti tai turvallisesti. Suosittelemme, ett\u00e4 luet n\u00e4iden verkkosivustojen tietosuojalausekkeet ennen kuin k\u00e4yt\u00e4t n\u00e4it\u00e4 verkkosivustoja.<\/p><h2>7. Muutokset t\u00e4h\u00e4n tietosuojaselosteeseen<\/h2><p>Pid\u00e4t\u00e4mme oikeuden tehd\u00e4 muutoksia t\u00e4h\u00e4n tietosuojaselosteeseen. On suositeltavaa, ett\u00e4 tutustut t\u00e4h\u00e4n tietosuojaselosteeseen s\u00e4\u00e4nn\u00f6llisesti, jotta olet tietoinen kaikista muutoksista. Lis\u00e4ksi tiedotamme sinulle aktiivisesti aina kun se on mahdollista.<\/p><h2>8. Tietojesi k\u00e4ytt\u00e4minen ja muuttaminen<\/h2><p>Jos sinulla on kysytt\u00e4v\u00e4\u00e4 tai haluat tiet\u00e4\u00e4, mit\u00e4 henkil\u00f6tietoja meill\u00e4 on sinusta, ota meihin yhteytt\u00e4. Voit ottaa meihin yhteytt\u00e4 alla olevien tietojen avulla. Sinulla on seuraavat oikeudet:<\/p><ul>\n                <li>Sinulla on oikeus tiet\u00e4\u00e4, miksi henkil\u00f6tietojasi tarvitaan, mit\u00e4 niille tapahtuu ja kuinka kauan niit\u00e4 s\u00e4ilytet\u00e4\u00e4n.<\/li>\n                <li>Oikeus tutustua: Sinulla on oikeus tutustua tiedossamme oleviin henkil\u00f6tietoihisi.<\/li>\n                <li>Oikaisuoikeus: Sinulla on oikeus t\u00e4ydent\u00e4\u00e4, korjata, poistaa tai est\u00e4\u00e4 henkil\u00f6tietojesi k\u00e4yt\u00f6n milloin tahansa.<\/li>\n                <li>Jos annat meille suostumuksesi tietojesi k\u00e4sittelyyn, sinulla on oikeus peruuttaa suostumuksesi ja pyyt\u00e4\u00e4 henkil\u00f6tietojesi poistamista.<\/li>\n                <li>Oikeus siirt\u00e4\u00e4 tietosi: sinulla on oikeus pyyt\u00e4\u00e4 kaikki henkil\u00f6tietosi rekisterinpit\u00e4j\u00e4lt\u00e4 ja siirt\u00e4\u00e4 ne kokonaisuudessaan toiselle rekisterinpit\u00e4j\u00e4lle.<\/li>\n                <li>Vastustamisoikeus: voit vastustaa tietojesi k\u00e4sittely\u00e4. Noudatamme t\u00e4t\u00e4, ellei k\u00e4sittelylle ole perusteltua syyt\u00e4.<\/li>\n            <\/ul><p>Ilmoita aina selv\u00e4sti, kuka olet, jotta voimme olla varmoja siit\u00e4, ettemme muuta tai poista v\u00e4\u00e4r\u00e4n henkil\u00f6n tietoja.<\/p><h2>9. Valituksen tekeminen<\/h2><p>Jos et ole tyytyv\u00e4inen tapaan, jolla k\u00e4sittelemme henkil\u00f6tietojesi k\u00e4sittely\u00e4 (valitus), sinulla on oikeus tehd\u00e4 valitus tietosuojaviranomaiselle.<\/p><h2>10. Yhteystiedot<\/h2><p>Traystore<br \/>\n        Ver\u00e4j\u00e4 8 A 6, Helsinki 00650<br \/>\n        Suomi<br \/>\n        Verkkosivu <a href=\"https:\/\/traystore.net\/fi\">https:\/\/traystore.net\/fi<\/a> <br \/>\n        Email: <span class=\"cmplz-obfuscate\">i&#110;&#102;o@<span class=\"cmplz-fmail-domain\">ex&#046;&#099;om<\/span>tr&#097;ys&#116;ore&#046;&#110;et<\/span> <br \/>\n        <\/p><\/div>","protected":false},"excerpt":{"rendered":"","protected":false},"author":1,"featured_media":0,"parent":0,"menu_order":0,"comment_status":"closed","ping_status":"closed","template":"","meta":{"footnotes":""},"class_list":["post-6504","page","type-page","status-publish","hentry"],"yoast_head":"<!-- This site is optimized with the Yoast SEO plugin v27.5 - https:\/\/yoast.com\/product\/yoast-seo-wordpress\/ -->\n<title>Privacy Statement - Traystore<\/title>\n<meta name=\"robots\" content=\"index, follow, max-snippet:-1, max-image-preview:large, max-video-preview:-1\" \/>\n<link rel=\"canonical\" href=\"https:\/\/traystore.net\/fi\/privacy-statement-eu\/\" \/>\n<meta property=\"og:locale\" content=\"fi_FI\" \/>\n<meta property=\"og:type\" content=\"article\" \/>\n<meta property=\"og:title\" content=\"Privacy Statement - Traystore\" \/>\n<meta property=\"og:url\" content=\"https:\/\/traystore.net\/fi\/privacy-statement-eu\/\" \/>\n<meta property=\"og:site_name\" content=\"Traystore\" \/>\n<meta property=\"article:publisher\" content=\"https:\/\/www.facebook.com\/profile.php?id=61558460099734\" \/>\n<meta property=\"article:modified_time\" content=\"2024-04-13T17:04:54+00:00\" \/>\n<meta property=\"og:image\" content=\"https:\/\/traystore.net\/wp-content\/uploads\/2024\/04\/Projekti-Logon-luonti.png\" \/>\n\t<meta property=\"og:image:width\" content=\"1200\" \/>\n\t<meta property=\"og:image:height\" content=\"1200\" \/>\n\t<meta property=\"og:image:type\" content=\"image\/png\" \/>\n<meta name=\"twitter:card\" content=\"summary_large_image\" \/>\n<script type=\"application\/ld+json\" class=\"yoast-schema-graph\">{\"@context\":\"https:\\\/\\\/schema.org\",\"@graph\":[{\"@type\":\"WebPage\",\"@id\":\"https:\\\/\\\/traystore.net\\\/privacy-statement-eu\\\/\",\"url\":\"https:\\\/\\\/traystore.net\\\/privacy-statement-eu\\\/\",\"name\":\"Privacy Statement - Traystore\",\"isPartOf\":{\"@id\":\"https:\\\/\\\/traystore.net\\\/fi\\\/#website\"},\"datePublished\":\"2024-04-11T17:09:59+00:00\",\"dateModified\":\"2024-04-13T17:04:54+00:00\",\"breadcrumb\":{\"@id\":\"https:\\\/\\\/traystore.net\\\/privacy-statement-eu\\\/#breadcrumb\"},\"inLanguage\":\"fi\",\"potentialAction\":[{\"@type\":\"ReadAction\",\"target\":[\"https:\\\/\\\/traystore.net\\\/privacy-statement-eu\\\/\"]}]},{\"@type\":\"BreadcrumbList\",\"@id\":\"https:\\\/\\\/traystore.net\\\/privacy-statement-eu\\\/#breadcrumb\",\"itemListElement\":[{\"@type\":\"ListItem\",\"position\":1,\"name\":\"Home\",\"item\":\"https:\\\/\\\/traystore.net\\\/fi\\\/\"},{\"@type\":\"ListItem\",\"position\":2,\"name\":\"Privacy Statement\"}]},{\"@type\":\"WebSite\",\"@id\":\"https:\\\/\\\/traystore.net\\\/fi\\\/#website\",\"url\":\"https:\\\/\\\/traystore.net\\\/fi\\\/\",\"name\":\"Traystore\",\"description\":\"movement trays and accessories for wargames\",\"publisher\":{\"@id\":\"https:\\\/\\\/traystore.net\\\/fi\\\/#organization\"},\"potentialAction\":[{\"@type\":\"SearchAction\",\"target\":{\"@type\":\"EntryPoint\",\"urlTemplate\":\"https:\\\/\\\/traystore.net\\\/fi\\\/?s={search_term_string}\"},\"query-input\":{\"@type\":\"PropertyValueSpecification\",\"valueRequired\":true,\"valueName\":\"search_term_string\"}}],\"inLanguage\":\"fi\"},{\"@type\":\"Organization\",\"@id\":\"https:\\\/\\\/traystore.net\\\/fi\\\/#organization\",\"name\":\"Traystore\",\"url\":\"https:\\\/\\\/traystore.net\\\/fi\\\/\",\"logo\":{\"@type\":\"ImageObject\",\"inLanguage\":\"fi\",\"@id\":\"https:\\\/\\\/traystore.net\\\/fi\\\/#\\\/schema\\\/logo\\\/image\\\/\",\"url\":\"https:\\\/\\\/traystore.net\\\/wp-content\\\/uploads\\\/2024\\\/03\\\/cropped-Traystore_transparent_part.png\",\"contentUrl\":\"https:\\\/\\\/traystore.net\\\/wp-content\\\/uploads\\\/2024\\\/03\\\/cropped-Traystore_transparent_part.png\",\"width\":1200,\"height\":564,\"caption\":\"Traystore\"},\"image\":{\"@id\":\"https:\\\/\\\/traystore.net\\\/fi\\\/#\\\/schema\\\/logo\\\/image\\\/\"},\"sameAs\":[\"https:\\\/\\\/www.facebook.com\\\/profile.php?id=61558460099734\",\"https:\\\/\\\/www.instagram.com\\\/traystorenet\\\/\"]}]}<\/script>\n<!-- \/ Yoast SEO plugin. -->","yoast_head_json":{"title":"Privacy Statement - Traystore","robots":{"index":"index","follow":"follow","max-snippet":"max-snippet:-1","max-image-preview":"max-image-preview:large","max-video-preview":"max-video-preview:-1"},"canonical":"https:\/\/traystore.net\/fi\/privacy-statement-eu\/","og_locale":"fi_FI","og_type":"article","og_title":"Privacy Statement - Traystore","og_url":"https:\/\/traystore.net\/fi\/privacy-statement-eu\/","og_site_name":"Traystore","article_publisher":"https:\/\/www.facebook.com\/profile.php?id=61558460099734","article_modified_time":"2024-04-13T17:04:54+00:00","og_image":[{"width":1200,"height":1200,"url":"https:\/\/traystore.net\/wp-content\/uploads\/2024\/04\/Projekti-Logon-luonti.png","type":"image\/png"}],"twitter_card":"summary_large_image","schema":{"@context":"https:\/\/schema.org","@graph":[{"@type":"WebPage","@id":"https:\/\/traystore.net\/privacy-statement-eu\/","url":"https:\/\/traystore.net\/privacy-statement-eu\/","name":"Privacy Statement - Traystore","isPartOf":{"@id":"https:\/\/traystore.net\/fi\/#website"},"datePublished":"2024-04-11T17:09:59+00:00","dateModified":"2024-04-13T17:04:54+00:00","breadcrumb":{"@id":"https:\/\/traystore.net\/privacy-statement-eu\/#breadcrumb"},"inLanguage":"fi","potentialAction":[{"@type":"ReadAction","target":["https:\/\/traystore.net\/privacy-statement-eu\/"]}]},{"@type":"BreadcrumbList","@id":"https:\/\/traystore.net\/privacy-statement-eu\/#breadcrumb","itemListElement":[{"@type":"ListItem","position":1,"name":"Home","item":"https:\/\/traystore.net\/fi\/"},{"@type":"ListItem","position":2,"name":"Privacy Statement"}]},{"@type":"WebSite","@id":"https:\/\/traystore.net\/fi\/#website","url":"https:\/\/traystore.net\/fi\/","name":"Traystore","description":"movement trays and accessories for wargames","publisher":{"@id":"https:\/\/traystore.net\/fi\/#organization"},"potentialAction":[{"@type":"SearchAction","target":{"@type":"EntryPoint","urlTemplate":"https:\/\/traystore.net\/fi\/?s={search_term_string}"},"query-input":{"@type":"PropertyValueSpecification","valueRequired":true,"valueName":"search_term_string"}}],"inLanguage":"fi"},{"@type":"Organization","@id":"https:\/\/traystore.net\/fi\/#organization","name":"Traystore","url":"https:\/\/traystore.net\/fi\/","logo":{"@type":"ImageObject","inLanguage":"fi","@id":"https:\/\/traystore.net\/fi\/#\/schema\/logo\/image\/","url":"https:\/\/traystore.net\/wp-content\/uploads\/2024\/03\/cropped-Traystore_transparent_part.png","contentUrl":"https:\/\/traystore.net\/wp-content\/uploads\/2024\/03\/cropped-Traystore_transparent_part.png","width":1200,"height":564,"caption":"Traystore"},"image":{"@id":"https:\/\/traystore.net\/fi\/#\/schema\/logo\/image\/"},"sameAs":["https:\/\/www.facebook.com\/profile.php?id=61558460099734","https:\/\/www.instagram.com\/traystorenet\/"]}]}},"_links":{"self":[{"href":"https:\/\/traystore.net\/fi\/wp-json\/wp\/v2\/pages\/6504","targetHints":{"allow":["GET"]}}],"collection":[{"href":"https:\/\/traystore.net\/fi\/wp-json\/wp\/v2\/pages"}],"about":[{"href":"https:\/\/traystore.net\/fi\/wp-json\/wp\/v2\/types\/page"}],"author":[{"embeddable":true,"href":"https:\/\/traystore.net\/fi\/wp-json\/wp\/v2\/users\/1"}],"replies":[{"embeddable":true,"href":"https:\/\/traystore.net\/fi\/wp-json\/wp\/v2\/comments?post=6504"}],"version-history":[{"count":1,"href":"https:\/\/traystore.net\/fi\/wp-json\/wp\/v2\/pages\/6504\/revisions"}],"predecessor-version":[{"id":6612,"href":"https:\/\/traystore.net\/fi\/wp-json\/wp\/v2\/pages\/6504\/revisions\/6612"}],"wp:attachment":[{"href":"https:\/\/traystore.net\/fi\/wp-json\/wp\/v2\/media?parent=6504"}],"curies":[{"name":"wp","href":"https:\/\/api.w.org\/{rel}","templated":true}]}}