{"id":1065,"date":"2024-04-11T21:30:53","date_gmt":"2024-04-11T19:30:53","guid":{"rendered":"https:\/\/traystore.net\/?page_id=1065"},"modified":"2024-04-14T20:30:17","modified_gmt":"2024-04-14T17:30:17","slug":"printing-service","status":"publish","type":"page","link":"https:\/\/traystore.net\/fi\/printing-service\/","title":{"rendered":"Suunnittelu- ja tulostuspalvelu"},"content":{"rendered":"<h2 class=\"wp-block-heading\">PLA FDM Tulostus<\/h2>\n\n\n\n<p>Tulostamme asiakkaan omia tiedostoja joiden teett\u00e4miseen asiakkaalla on riitt\u00e4v\u00e4t oikeudet,  mittatilausty\u00f6n\u00e4 PLA FDM tulostimella. Ota yhteytt\u00e4 s\u00e4hk\u00f6postilla osoitteeseen info@traystore.net ja teemme tarjouksen. <\/p>\n\n\n\n<p>PLA FDM tulostus sopii parhaiten v\u00e4hemm\u00e4n yksityiskohtaisille malleille joissa ei ole esimerkiksi reunan yli roikkuvia osia, kuten myym\u00e4mmne liikutusalustat ja peliv\u00e4lineet. <\/p>\n\n\n\n<p>PLA ei sovi kest\u00e4vyytt\u00e4 vaativille tulosteille, eik\u00e4 tulosteille anneta takuuta ett\u00e4 ne ovat sopivia asiakkaan k\u00e4ytt\u00f6tapaukseen.<\/p>\n\n\n\n<h2 class=\"wp-block-heading\">Suunnittelupalvelu<\/h2>\n\n\n\n<p>Tarjoamme suunnittelupalvelua tulostettavien mallien tekoon. Fokuksemme on esimerkiksi erilaisissa peliv\u00e4lineiss\u00e4, eik\u00e4 tarkkoihin malleihin jotka on tarkoitettu hartsitulostamiseen. Oikeudet malleihin voidaan antaa asiakkaalle sovittaessa tai mallit voidaan toimittaa valmiina tulosteina.<\/p>\n\n\n\n<p>Otamme vastaan ehdotuksia uusista malleista, joten voit saada mallinnusty\u00f6n ilmaiseksi jos otamme tehdyn mallin normaaliin myyntiin!<\/p>\n\n\n\n<h2 class=\"wp-block-heading\">Galleria<\/h2>\n\n\n\n<figure class=\"wp-block-gallery has-nested-images columns-default is-cropped wp-block-gallery-1 is-layout-flex wp-block-gallery-is-layout-flex\">\n<figure class=\"wp-block-image size-large\"><img loading=\"lazy\" decoding=\"async\" width=\"1024\" height=\"768\" data-id=\"6661\" src=\"https:\/\/traystore.net\/wp-content\/uploads\/2024\/04\/IMG_7032_fixed-1024x768.jpg\" alt=\"\" class=\"wp-image-6661\" srcset=\"https:\/\/traystore.net\/wp-content\/uploads\/2024\/04\/IMG_7032_fixed-1024x768.jpg 1024w, https:\/\/traystore.net\/wp-content\/uploads\/2024\/04\/IMG_7032_fixed-300x225.jpg 300w, https:\/\/traystore.net\/wp-content\/uploads\/2024\/04\/IMG_7032_fixed-768x576.jpg 768w, https:\/\/traystore.net\/wp-content\/uploads\/2024\/04\/IMG_7032_fixed-1536x1152.jpg 1536w, https:\/\/traystore.net\/wp-content\/uploads\/2024\/04\/IMG_7032_fixed-2048x1536.jpg 2048w, https:\/\/traystore.net\/wp-content\/uploads\/2024\/04\/IMG_7032_fixed-16x12.jpg 16w, https:\/\/traystore.net\/wp-content\/uploads\/2024\/04\/IMG_7032_fixed-416x312.jpg 416w\" sizes=\"auto, (max-width: 1024px) 100vw, 1024px\" \/><figcaption class=\"wp-element-caption\">Esimerkki, malli ei ole myynniss\u00e4<\/figcaption><\/figure>\n\n\n\n<figure class=\"wp-block-image size-large\"><img loading=\"lazy\" decoding=\"async\" width=\"1024\" height=\"768\" data-id=\"6662\" src=\"https:\/\/traystore.net\/wp-content\/uploads\/2024\/04\/IMG_7025_fixed-1024x768.jpg\" alt=\"\" class=\"wp-image-6662\" srcset=\"https:\/\/traystore.net\/wp-content\/uploads\/2024\/04\/IMG_7025_fixed-1024x768.jpg 1024w, https:\/\/traystore.net\/wp-content\/uploads\/2024\/04\/IMG_7025_fixed-300x225.jpg 300w, https:\/\/traystore.net\/wp-content\/uploads\/2024\/04\/IMG_7025_fixed-768x576.jpg 768w, https:\/\/traystore.net\/wp-content\/uploads\/2024\/04\/IMG_7025_fixed-1536x1152.jpg 1536w, https:\/\/traystore.net\/wp-content\/uploads\/2024\/04\/IMG_7025_fixed-2048x1536.jpg 2048w, https:\/\/traystore.net\/wp-content\/uploads\/2024\/04\/IMG_7025_fixed-16x12.jpg 16w, https:\/\/traystore.net\/wp-content\/uploads\/2024\/04\/IMG_7025_fixed-416x312.jpg 416w\" sizes=\"auto, (max-width: 1024px) 100vw, 1024px\" \/><figcaption class=\"wp-element-caption\">Esimerkki, malli ei ole myynniss\u00e4<\/figcaption><\/figure>\n\n\n\n<figure class=\"wp-block-image size-large\"><img loading=\"lazy\" decoding=\"async\" width=\"1024\" height=\"768\" data-id=\"6660\" src=\"https:\/\/traystore.net\/wp-content\/uploads\/2024\/04\/IMG_7036_fixed-1024x768.jpg\" alt=\"\" class=\"wp-image-6660\" srcset=\"https:\/\/traystore.net\/wp-content\/uploads\/2024\/04\/IMG_7036_fixed-1024x768.jpg 1024w, https:\/\/traystore.net\/wp-content\/uploads\/2024\/04\/IMG_7036_fixed-300x225.jpg 300w, https:\/\/traystore.net\/wp-content\/uploads\/2024\/04\/IMG_7036_fixed-768x576.jpg 768w, https:\/\/traystore.net\/wp-content\/uploads\/2024\/04\/IMG_7036_fixed-1536x1152.jpg 1536w, https:\/\/traystore.net\/wp-content\/uploads\/2024\/04\/IMG_7036_fixed-2048x1536.jpg 2048w, https:\/\/traystore.net\/wp-content\/uploads\/2024\/04\/IMG_7036_fixed-16x12.jpg 16w, https:\/\/traystore.net\/wp-content\/uploads\/2024\/04\/IMG_7036_fixed-416x312.jpg 416w\" sizes=\"auto, (max-width: 1024px) 100vw, 1024px\" \/><figcaption class=\"wp-element-caption\">Esimerkki, malli ei ole myynniss\u00e4<\/figcaption><\/figure>\n\n\n\n<figure class=\"wp-block-image size-large is-style-default\"><img loading=\"lazy\" decoding=\"async\" width=\"1024\" height=\"768\" data-id=\"6658\" src=\"https:\/\/traystore.net\/wp-content\/uploads\/2024\/04\/IMG_7034_fixed-1024x768.jpg\" alt=\"\" class=\"wp-image-6658\" srcset=\"https:\/\/traystore.net\/wp-content\/uploads\/2024\/04\/IMG_7034_fixed-1024x768.jpg 1024w, https:\/\/traystore.net\/wp-content\/uploads\/2024\/04\/IMG_7034_fixed-300x225.jpg 300w, https:\/\/traystore.net\/wp-content\/uploads\/2024\/04\/IMG_7034_fixed-768x576.jpg 768w, https:\/\/traystore.net\/wp-content\/uploads\/2024\/04\/IMG_7034_fixed-1536x1152.jpg 1536w, https:\/\/traystore.net\/wp-content\/uploads\/2024\/04\/IMG_7034_fixed-2048x1536.jpg 2048w, https:\/\/traystore.net\/wp-content\/uploads\/2024\/04\/IMG_7034_fixed-16x12.jpg 16w, https:\/\/traystore.net\/wp-content\/uploads\/2024\/04\/IMG_7034_fixed-416x312.jpg 416w\" sizes=\"auto, (max-width: 1024px) 100vw, 1024px\" \/><figcaption class=\"wp-element-caption\">Tulostettu kahakka-alusta johon on tehty maasto<\/figcaption><\/figure>\n<\/figure>","protected":false},"excerpt":{"rendered":"<p>PLA FDM Printing We do custom prints from your own files that you have appropriate rights for with PLA FDM printers. Please reach out to us through email info@traystore.net for a quote on pricing and shipping. PLA FDM printing is best suited for less detailed objects without big overhangs like the trays and utilities we [&hellip;]<\/p>\n","protected":false},"author":1,"featured_media":0,"parent":0,"menu_order":0,"comment_status":"closed","ping_status":"closed","template":"","meta":{"footnotes":""},"class_list":["post-1065","page","type-page","status-publish","hentry"],"yoast_head":"<!-- This site is optimized with the Yoast SEO plugin v27.4 - https:\/\/yoast.com\/product\/yoast-seo-wordpress\/ -->\n<title>Design and Printing Service - Traystore<\/title>\n<meta name=\"robots\" content=\"index, follow, max-snippet:-1, max-image-preview:large, max-video-preview:-1\" \/>\n<link rel=\"canonical\" href=\"https:\/\/traystore.net\/fi\/printing-service\/\" \/>\n<meta property=\"og:locale\" content=\"fi_FI\" \/>\n<meta property=\"og:type\" content=\"article\" \/>\n<meta property=\"og:title\" content=\"Design and Printing Service - Traystore\" \/>\n<meta property=\"og:description\" content=\"PLA FDM Printing We do custom prints from your own files that you have appropriate rights for with PLA FDM printers. Please reach out to us through email info@traystore.net for a quote on pricing and shipping. PLA FDM printing is best suited for less detailed objects without big overhangs like the trays and utilities we [&hellip;]\" \/>\n<meta property=\"og:url\" content=\"https:\/\/traystore.net\/fi\/printing-service\/\" \/>\n<meta property=\"og:site_name\" content=\"Traystore\" \/>\n<meta property=\"article:publisher\" content=\"https:\/\/www.facebook.com\/profile.php?id=61558460099734\" \/>\n<meta property=\"article:modified_time\" content=\"2024-04-14T17:30:17+00:00\" \/>\n<meta property=\"og:image\" content=\"https:\/\/traystore.net\/wp-content\/uploads\/2024\/04\/IMG_7032_fixed-1024x768.jpg\" \/>\n<meta name=\"twitter:card\" content=\"summary_large_image\" \/>\n<meta name=\"twitter:label1\" content=\"Arvioitu lukuaika\" \/>\n\t<meta name=\"twitter:data1\" content=\"2 minuuttia\" \/>\n<script type=\"application\/ld+json\" class=\"yoast-schema-graph\">{\"@context\":\"https:\\\/\\\/schema.org\",\"@graph\":[{\"@type\":\"WebPage\",\"@id\":\"https:\\\/\\\/traystore.net\\\/printing-service\\\/\",\"url\":\"https:\\\/\\\/traystore.net\\\/printing-service\\\/\",\"name\":\"Design and Printing Service - Traystore\",\"isPartOf\":{\"@id\":\"https:\\\/\\\/traystore.net\\\/fi\\\/#website\"},\"primaryImageOfPage\":{\"@id\":\"https:\\\/\\\/traystore.net\\\/printing-service\\\/#primaryimage\"},\"image\":{\"@id\":\"https:\\\/\\\/traystore.net\\\/printing-service\\\/#primaryimage\"},\"thumbnailUrl\":\"https:\\\/\\\/traystore.net\\\/wp-content\\\/uploads\\\/2024\\\/04\\\/IMG_7032_fixed-1024x768.jpg\",\"datePublished\":\"2024-04-11T19:30:53+00:00\",\"dateModified\":\"2024-04-14T17:30:17+00:00\",\"breadcrumb\":{\"@id\":\"https:\\\/\\\/traystore.net\\\/printing-service\\\/#breadcrumb\"},\"inLanguage\":\"fi\",\"potentialAction\":[{\"@type\":\"ReadAction\",\"target\":[\"https:\\\/\\\/traystore.net\\\/printing-service\\\/\"]}]},{\"@type\":\"ImageObject\",\"inLanguage\":\"fi\",\"@id\":\"https:\\\/\\\/traystore.net\\\/printing-service\\\/#primaryimage\",\"url\":\"https:\\\/\\\/traystore.net\\\/wp-content\\\/uploads\\\/2024\\\/04\\\/IMG_7032_fixed-1024x768.jpg\",\"contentUrl\":\"https:\\\/\\\/traystore.net\\\/wp-content\\\/uploads\\\/2024\\\/04\\\/IMG_7032_fixed-1024x768.jpg\"},{\"@type\":\"BreadcrumbList\",\"@id\":\"https:\\\/\\\/traystore.net\\\/printing-service\\\/#breadcrumb\",\"itemListElement\":[{\"@type\":\"ListItem\",\"position\":1,\"name\":\"Home\",\"item\":\"https:\\\/\\\/traystore.net\\\/fi\\\/\"},{\"@type\":\"ListItem\",\"position\":2,\"name\":\"Design and Printing Service\"}]},{\"@type\":\"WebSite\",\"@id\":\"https:\\\/\\\/traystore.net\\\/fi\\\/#website\",\"url\":\"https:\\\/\\\/traystore.net\\\/fi\\\/\",\"name\":\"Traystore\",\"description\":\"movement trays and accessories for wargames\",\"publisher\":{\"@id\":\"https:\\\/\\\/traystore.net\\\/fi\\\/#organization\"},\"potentialAction\":[{\"@type\":\"SearchAction\",\"target\":{\"@type\":\"EntryPoint\",\"urlTemplate\":\"https:\\\/\\\/traystore.net\\\/fi\\\/?s={search_term_string}\"},\"query-input\":{\"@type\":\"PropertyValueSpecification\",\"valueRequired\":true,\"valueName\":\"search_term_string\"}}],\"inLanguage\":\"fi\"},{\"@type\":\"Organization\",\"@id\":\"https:\\\/\\\/traystore.net\\\/fi\\\/#organization\",\"name\":\"Traystore\",\"url\":\"https:\\\/\\\/traystore.net\\\/fi\\\/\",\"logo\":{\"@type\":\"ImageObject\",\"inLanguage\":\"fi\",\"@id\":\"https:\\\/\\\/traystore.net\\\/fi\\\/#\\\/schema\\\/logo\\\/image\\\/\",\"url\":\"https:\\\/\\\/traystore.net\\\/wp-content\\\/uploads\\\/2024\\\/03\\\/cropped-Traystore_transparent_part.png\",\"contentUrl\":\"https:\\\/\\\/traystore.net\\\/wp-content\\\/uploads\\\/2024\\\/03\\\/cropped-Traystore_transparent_part.png\",\"width\":1200,\"height\":564,\"caption\":\"Traystore\"},\"image\":{\"@id\":\"https:\\\/\\\/traystore.net\\\/fi\\\/#\\\/schema\\\/logo\\\/image\\\/\"},\"sameAs\":[\"https:\\\/\\\/www.facebook.com\\\/profile.php?id=61558460099734\",\"https:\\\/\\\/www.instagram.com\\\/traystorenet\\\/\"]}]}<\/script>\n<!-- \/ Yoast SEO plugin. -->","yoast_head_json":{"title":"Design and Printing Service - Traystore","robots":{"index":"index","follow":"follow","max-snippet":"max-snippet:-1","max-image-preview":"max-image-preview:large","max-video-preview":"max-video-preview:-1"},"canonical":"https:\/\/traystore.net\/fi\/printing-service\/","og_locale":"fi_FI","og_type":"article","og_title":"Design and Printing Service - Traystore","og_description":"PLA FDM Printing We do custom prints from your own files that you have appropriate rights for with PLA FDM printers. Please reach out to us through email info@traystore.net for a quote on pricing and shipping. PLA FDM printing is best suited for less detailed objects without big overhangs like the trays and utilities we [&hellip;]","og_url":"https:\/\/traystore.net\/fi\/printing-service\/","og_site_name":"Traystore","article_publisher":"https:\/\/www.facebook.com\/profile.php?id=61558460099734","article_modified_time":"2024-04-14T17:30:17+00:00","og_image":[{"url":"https:\/\/traystore.net\/wp-content\/uploads\/2024\/04\/IMG_7032_fixed-1024x768.jpg","type":"","width":"","height":""}],"twitter_card":"summary_large_image","twitter_misc":{"Arvioitu lukuaika":"2 minuuttia"},"schema":{"@context":"https:\/\/schema.org","@graph":[{"@type":"WebPage","@id":"https:\/\/traystore.net\/printing-service\/","url":"https:\/\/traystore.net\/printing-service\/","name":"Design and Printing Service - Traystore","isPartOf":{"@id":"https:\/\/traystore.net\/fi\/#website"},"primaryImageOfPage":{"@id":"https:\/\/traystore.net\/printing-service\/#primaryimage"},"image":{"@id":"https:\/\/traystore.net\/printing-service\/#primaryimage"},"thumbnailUrl":"https:\/\/traystore.net\/wp-content\/uploads\/2024\/04\/IMG_7032_fixed-1024x768.jpg","datePublished":"2024-04-11T19:30:53+00:00","dateModified":"2024-04-14T17:30:17+00:00","breadcrumb":{"@id":"https:\/\/traystore.net\/printing-service\/#breadcrumb"},"inLanguage":"fi","potentialAction":[{"@type":"ReadAction","target":["https:\/\/traystore.net\/printing-service\/"]}]},{"@type":"ImageObject","inLanguage":"fi","@id":"https:\/\/traystore.net\/printing-service\/#primaryimage","url":"https:\/\/traystore.net\/wp-content\/uploads\/2024\/04\/IMG_7032_fixed-1024x768.jpg","contentUrl":"https:\/\/traystore.net\/wp-content\/uploads\/2024\/04\/IMG_7032_fixed-1024x768.jpg"},{"@type":"BreadcrumbList","@id":"https:\/\/traystore.net\/printing-service\/#breadcrumb","itemListElement":[{"@type":"ListItem","position":1,"name":"Home","item":"https:\/\/traystore.net\/fi\/"},{"@type":"ListItem","position":2,"name":"Design and Printing Service"}]},{"@type":"WebSite","@id":"https:\/\/traystore.net\/fi\/#website","url":"https:\/\/traystore.net\/fi\/","name":"Traystore","description":"movement trays and accessories for wargames","publisher":{"@id":"https:\/\/traystore.net\/fi\/#organization"},"potentialAction":[{"@type":"SearchAction","target":{"@type":"EntryPoint","urlTemplate":"https:\/\/traystore.net\/fi\/?s={search_term_string}"},"query-input":{"@type":"PropertyValueSpecification","valueRequired":true,"valueName":"search_term_string"}}],"inLanguage":"fi"},{"@type":"Organization","@id":"https:\/\/traystore.net\/fi\/#organization","name":"Traystore","url":"https:\/\/traystore.net\/fi\/","logo":{"@type":"ImageObject","inLanguage":"fi","@id":"https:\/\/traystore.net\/fi\/#\/schema\/logo\/image\/","url":"https:\/\/traystore.net\/wp-content\/uploads\/2024\/03\/cropped-Traystore_transparent_part.png","contentUrl":"https:\/\/traystore.net\/wp-content\/uploads\/2024\/03\/cropped-Traystore_transparent_part.png","width":1200,"height":564,"caption":"Traystore"},"image":{"@id":"https:\/\/traystore.net\/fi\/#\/schema\/logo\/image\/"},"sameAs":["https:\/\/www.facebook.com\/profile.php?id=61558460099734","https:\/\/www.instagram.com\/traystorenet\/"]}]}},"_links":{"self":[{"href":"https:\/\/traystore.net\/fi\/wp-json\/wp\/v2\/pages\/1065","targetHints":{"allow":["GET"]}}],"collection":[{"href":"https:\/\/traystore.net\/fi\/wp-json\/wp\/v2\/pages"}],"about":[{"href":"https:\/\/traystore.net\/fi\/wp-json\/wp\/v2\/types\/page"}],"author":[{"embeddable":true,"href":"https:\/\/traystore.net\/fi\/wp-json\/wp\/v2\/users\/1"}],"replies":[{"embeddable":true,"href":"https:\/\/traystore.net\/fi\/wp-json\/wp\/v2\/comments?post=1065"}],"version-history":[{"count":7,"href":"https:\/\/traystore.net\/fi\/wp-json\/wp\/v2\/pages\/1065\/revisions"}],"predecessor-version":[{"id":6663,"href":"https:\/\/traystore.net\/fi\/wp-json\/wp\/v2\/pages\/1065\/revisions\/6663"}],"wp:attachment":[{"href":"https:\/\/traystore.net\/fi\/wp-json\/wp\/v2\/media?parent=1065"}],"curies":[{"name":"wp","href":"https:\/\/api.w.org\/{rel}","templated":true}]}}